{"id":97,"date":"2018-10-24T04:04:34","date_gmt":"2018-10-24T04:04:34","guid":{"rendered":"https:\/\/futuriodemos.com\/default-demo\/?page_id=97"},"modified":"2024-04-22T07:20:06","modified_gmt":"2024-04-22T07:20:06","slug":"kluby","status":"publish","type":"page","link":"https:\/\/zpz.trenerzu.eu\/index.php\/kluby\/","title":{"rendered":"KLUBY"},"content":{"rendered":"\t\t<div data-elementor-type=\"wp-page\" data-elementor-id=\"97\" class=\"elementor elementor-97\">\n\t\t\t\t\t\t<section class=\"elementor-section elementor-top-section elementor-element elementor-element-6eed5f9 elementor-section-boxed elementor-section-height-default elementor-section-height-default\" data-id=\"6eed5f9\" data-element_type=\"section\" data-e-type=\"section\">\n\t\t\t\t\t\t<div class=\"elementor-container elementor-column-gap-default\">\n\t\t\t\t\t<div class=\"elementor-column elementor-col-100 elementor-top-column elementor-element elementor-element-a9bcfa0\" data-id=\"a9bcfa0\" data-element_type=\"column\" data-e-type=\"column\">\n\t\t\t<div class=\"elementor-widget-wrap elementor-element-populated\">\n\t\t\t\t\t\t<div class=\"elementor-element elementor-element-08b1192 elementor-widget elementor-widget-heading\" data-id=\"08b1192\" data-element_type=\"widget\" data-e-type=\"widget\" data-widget_type=\"heading.default\">\n\t\t\t\t<div class=\"elementor-widget-container\">\n\t\t\t\t\t<h2 class=\"elementor-heading-title elementor-size-default\">GDA\u0143SKI KLUB MORSKI CEDRUS<\/h2>\t\t\t\t<\/div>\n\t\t\t\t<\/div>\n\t\t\t\t\t<\/div>\n\t\t<\/div>\n\t\t\t\t\t<\/div>\n\t\t<\/section>\n\t\t\t\t<section class=\"elementor-section elementor-top-section elementor-element elementor-element-82f47ea elementor-section-boxed elementor-section-height-default elementor-section-height-default\" data-id=\"82f47ea\" data-element_type=\"section\" data-e-type=\"section\">\n\t\t\t\t\t\t<div class=\"elementor-container elementor-column-gap-default\">\n\t\t\t\t\t<div class=\"elementor-column elementor-col-50 elementor-top-column elementor-element elementor-element-9e766ad\" data-id=\"9e766ad\" data-element_type=\"column\" data-e-type=\"column\">\n\t\t\t<div class=\"elementor-widget-wrap elementor-element-populated\">\n\t\t\t\t\t\t<div class=\"elementor-element elementor-element-d5cecbb elementor-widget elementor-widget-image\" data-id=\"d5cecbb\" data-element_type=\"widget\" data-e-type=\"widget\" data-widget_type=\"image.default\">\n\t\t\t\t<div class=\"elementor-widget-container\">\n\t\t\t\t\t\t\t\t\t\t\t\t\t\t\t<img fetchpriority=\"high\" decoding=\"async\" width=\"1024\" height=\"620\" src=\"https:\/\/zpz.trenerzu.eu\/wp-content\/uploads\/2023\/01\/logo-1024x620.jpg\" class=\"attachment-large size-large wp-image-343\" alt=\"\" srcset=\"https:\/\/zpz.trenerzu.eu\/wp-content\/uploads\/2023\/01\/logo-1024x620.jpg 1024w, https:\/\/zpz.trenerzu.eu\/wp-content\/uploads\/2023\/01\/logo-300x182.jpg 300w, https:\/\/zpz.trenerzu.eu\/wp-content\/uploads\/2023\/01\/logo-768x465.jpg 768w, https:\/\/zpz.trenerzu.eu\/wp-content\/uploads\/2023\/01\/logo-1536x929.jpg 1536w, https:\/\/zpz.trenerzu.eu\/wp-content\/uploads\/2023\/01\/logo-2048x1239.jpg 2048w\" sizes=\"(max-width: 1024px) 100vw, 1024px\" \/>\t\t\t\t\t\t\t\t\t\t\t\t\t\t\t<\/div>\n\t\t\t\t<\/div>\n\t\t\t\t\t<\/div>\n\t\t<\/div>\n\t\t\t\t<div class=\"elementor-column elementor-col-50 elementor-top-column elementor-element elementor-element-dad2f15\" data-id=\"dad2f15\" data-element_type=\"column\" data-e-type=\"column\">\n\t\t\t<div class=\"elementor-widget-wrap elementor-element-populated\">\n\t\t\t\t\t\t<div class=\"elementor-element elementor-element-80f9c92 elementor-widget elementor-widget-text-editor\" data-id=\"80f9c92\" data-element_type=\"widget\" data-e-type=\"widget\" data-widget_type=\"text-editor.default\">\n\t\t\t\t<div class=\"elementor-widget-container\">\n\t\t\t\t\t\t\t\t\t<p class=\"p1\" style=\"margin-bottom: 0px; font-variant-numeric: normal; font-variant-east-asian: normal; font-variant-alternates: normal; font-kerning: auto; font-optical-sizing: auto; font-feature-settings: normal; font-variation-settings: normal; font-stretch: normal; font-size: 18px; line-height: normal; font-family: Arial; color: #000000;\">Klub GKM CEDRUS zlokalizowany jest w odnodze Martwej Wis\u0142y w pobli\u017cu \u015bluzy Przegalina w miejscowo\u015bci Cedry Wielkie. Klub pr\u0119\u017cnie rozwija zawodnik\u00f3w w ka\u017cdej grupie wiekowej. Zaczynaj\u0105c od najm\u0142odszych szkol\u0105c ich na \u0142\u00f3dkach klasy optimist. Kolejno grupy regatowej startuj\u0105c w wielu cyklach imprez jak \u017beglarski Puchar Kaszub i \u017beglarski Puchar \u017bu\u0142aw. Za to najstarsi przygotowuj\u0105 si\u0119 do przyst\u0105pienia na patent sternika jachtowego oraz motorowodnego. Oraz wyp\u0142ywania w wielu rejsach po Zatoce Gda\u0144skiej\u00a0<\/p>\t\t\t\t\t\t\t\t<\/div>\n\t\t\t\t<\/div>\n\t\t\t\t\t<\/div>\n\t\t<\/div>\n\t\t\t\t\t<\/div>\n\t\t<\/section>\n\t\t\t\t<section class=\"elementor-section elementor-top-section elementor-element elementor-element-37e5034 elementor-section-boxed elementor-section-height-default elementor-section-height-default\" data-id=\"37e5034\" data-element_type=\"section\" data-e-type=\"section\">\n\t\t\t\t\t\t<div class=\"elementor-container elementor-column-gap-default\">\n\t\t\t\t\t<div class=\"elementor-column elementor-col-100 elementor-top-column elementor-element elementor-element-d04731b\" data-id=\"d04731b\" data-element_type=\"column\" data-e-type=\"column\">\n\t\t\t<div class=\"elementor-widget-wrap elementor-element-populated\">\n\t\t\t\t\t\t<div class=\"elementor-element elementor-element-89f415b elementor-widget elementor-widget-heading\" data-id=\"89f415b\" data-element_type=\"widget\" data-e-type=\"widget\" data-widget_type=\"heading.default\">\n\t\t\t\t<div class=\"elementor-widget-container\">\n\t\t\t\t\t<h2 class=\"elementor-heading-title elementor-size-default\">UKS TOLKMICKO<\/h2>\t\t\t\t<\/div>\n\t\t\t\t<\/div>\n\t\t\t\t\t<\/div>\n\t\t<\/div>\n\t\t\t\t\t<\/div>\n\t\t<\/section>\n\t\t\t\t<section class=\"elementor-section elementor-top-section elementor-element elementor-element-d2dda6c elementor-section-boxed elementor-section-height-default elementor-section-height-default\" data-id=\"d2dda6c\" data-element_type=\"section\" data-e-type=\"section\">\n\t\t\t\t\t\t<div class=\"elementor-container elementor-column-gap-default\">\n\t\t\t\t\t<div class=\"elementor-column elementor-col-50 elementor-top-column elementor-element elementor-element-6523807\" data-id=\"6523807\" data-element_type=\"column\" data-e-type=\"column\">\n\t\t\t<div class=\"elementor-widget-wrap elementor-element-populated\">\n\t\t\t\t\t\t<div class=\"elementor-element elementor-element-9322ba2 elementor-widget elementor-widget-image\" data-id=\"9322ba2\" data-element_type=\"widget\" data-e-type=\"widget\" data-widget_type=\"image.default\">\n\t\t\t\t<div class=\"elementor-widget-container\">\n\t\t\t\t\t\t\t\t\t\t\t\t\t\t\t<img decoding=\"async\" width=\"170\" height=\"170\" src=\"https:\/\/zpz.trenerzu.eu\/wp-content\/uploads\/2023\/01\/301960031_453430996810684_5249353602179456842_n.jpg\" class=\"attachment-large size-large wp-image-812\" alt=\"\" srcset=\"https:\/\/zpz.trenerzu.eu\/wp-content\/uploads\/2023\/01\/301960031_453430996810684_5249353602179456842_n.jpg 170w, https:\/\/zpz.trenerzu.eu\/wp-content\/uploads\/2023\/01\/301960031_453430996810684_5249353602179456842_n-150x150.jpg 150w, https:\/\/zpz.trenerzu.eu\/wp-content\/uploads\/2023\/01\/elementor\/thumbs\/301960031_453430996810684_5249353602179456842_n-150x150.jpg 1000w\" sizes=\"(max-width: 170px) 100vw, 170px\" \/>\t\t\t\t\t\t\t\t\t\t\t\t\t\t\t<\/div>\n\t\t\t\t<\/div>\n\t\t\t\t\t<\/div>\n\t\t<\/div>\n\t\t\t\t<div class=\"elementor-column elementor-col-50 elementor-top-column elementor-element elementor-element-9fc3fac\" data-id=\"9fc3fac\" data-element_type=\"column\" data-e-type=\"column\">\n\t\t\t<div class=\"elementor-widget-wrap elementor-element-populated\">\n\t\t\t\t\t\t<div class=\"elementor-element elementor-element-78ecf57 elementor-widget elementor-widget-text-editor\" data-id=\"78ecf57\" data-element_type=\"widget\" data-e-type=\"widget\" data-widget_type=\"text-editor.default\">\n\t\t\t\t<div class=\"elementor-widget-container\">\n\t\t\t\t\t\t\t\t\t<p class=\"p1\" style=\"margin-bottom: 0px; text-align: justify; font-variant-numeric: normal; font-variant-east-asian: normal; font-variant-alternates: normal; font-kerning: auto; font-optical-sizing: auto; font-feature-settings: normal; font-variation-settings: normal; font-stretch: normal; font-size: 18px; line-height: normal; font-family: Arial; color: rgb(0, 0, 0);\">Uczniowski Klub Sportowy w Tolkmicku mie\u015bci si\u0119 w centrum miasta. Jeste\u015bmy klubem kt\u00f3ry skupia si\u0119 na sekcji \u017ceglarskiej. Nasza organizacja zapewnia dzieciom i m\u0142odzie\u017cy mo\u017cliwo\u015bci nauki \u017ceglowania, aktywnego sp\u0119dzania czasu na wodzie oraz uczestnictwa w regatach. Jako klub sportowy, stawiamy na rozw\u00f3j naszych uczni\u00f3w poprzez nauczanie umiej\u0119tno\u015bci \u017ceglarskich oraz rozwijanie ich zdolno\u015bci i pasji. W klubie prowadzimy zaj\u0119cia na \u0142\u00f3dkach klasy optimist.<\/p>\t\t\t\t\t\t\t\t<\/div>\n\t\t\t\t<\/div>\n\t\t\t\t\t<\/div>\n\t\t<\/div>\n\t\t\t\t\t<\/div>\n\t\t<\/section>\n\t\t\t\t<section class=\"elementor-section elementor-top-section elementor-element elementor-element-494ba82 elementor-section-boxed elementor-section-height-default elementor-section-height-default\" data-id=\"494ba82\" data-element_type=\"section\" data-e-type=\"section\">\n\t\t\t\t\t\t<div class=\"elementor-container elementor-column-gap-default\">\n\t\t\t\t\t<div class=\"elementor-column elementor-col-100 elementor-top-column elementor-element elementor-element-c7ce0d1\" data-id=\"c7ce0d1\" data-element_type=\"column\" data-e-type=\"column\">\n\t\t\t<div class=\"elementor-widget-wrap elementor-element-populated\">\n\t\t\t\t\t\t<div class=\"elementor-element elementor-element-17fc9bd elementor-widget elementor-widget-heading\" data-id=\"17fc9bd\" data-element_type=\"widget\" data-e-type=\"widget\" data-widget_type=\"heading.default\">\n\t\t\t\t<div class=\"elementor-widget-container\">\n\t\t\t\t\t<h2 class=\"elementor-heading-title elementor-size-default\">KS AZS AWFiS GDA\u0143SK<\/h2>\t\t\t\t<\/div>\n\t\t\t\t<\/div>\n\t\t\t\t\t<\/div>\n\t\t<\/div>\n\t\t\t\t\t<\/div>\n\t\t<\/section>\n\t\t\t\t<section class=\"elementor-section elementor-top-section elementor-element elementor-element-c0e7687 elementor-section-boxed elementor-section-height-default elementor-section-height-default\" data-id=\"c0e7687\" data-element_type=\"section\" data-e-type=\"section\">\n\t\t\t\t\t\t<div class=\"elementor-container elementor-column-gap-default\">\n\t\t\t\t\t<div class=\"elementor-column elementor-col-50 elementor-top-column elementor-element elementor-element-3cebb39\" data-id=\"3cebb39\" data-element_type=\"column\" data-e-type=\"column\">\n\t\t\t<div class=\"elementor-widget-wrap elementor-element-populated\">\n\t\t\t\t\t\t<div class=\"elementor-element elementor-element-dbd25f8 elementor-widget elementor-widget-image\" data-id=\"dbd25f8\" data-element_type=\"widget\" data-e-type=\"widget\" data-widget_type=\"image.default\">\n\t\t\t\t<div class=\"elementor-widget-container\">\n\t\t\t\t\t\t\t\t\t\t\t\t\t\t\t<img decoding=\"async\" width=\"300\" height=\"164\" src=\"https:\/\/zpz.trenerzu.eu\/wp-content\/uploads\/2024\/04\/images.jpg\" class=\"attachment-large size-large wp-image-2018\" alt=\"\" \/>\t\t\t\t\t\t\t\t\t\t\t\t\t\t\t<\/div>\n\t\t\t\t<\/div>\n\t\t\t\t\t<\/div>\n\t\t<\/div>\n\t\t\t\t<div class=\"elementor-column elementor-col-50 elementor-top-column elementor-element elementor-element-57d8987\" data-id=\"57d8987\" data-element_type=\"column\" data-e-type=\"column\">\n\t\t\t<div class=\"elementor-widget-wrap elementor-element-populated\">\n\t\t\t\t\t\t<div class=\"elementor-element elementor-element-1c60a7e elementor-widget__width-initial elementor-widget elementor-widget-text-editor\" data-id=\"1c60a7e\" data-element_type=\"widget\" data-e-type=\"widget\" data-widget_type=\"text-editor.default\">\n\t\t\t\t<div class=\"elementor-widget-container\">\n\t\t\t\t\t\t\t\t\t<p class=\"p1\" style=\"margin-bottom: 0px; font-variant-numeric: normal; font-variant-east-asian: normal; font-variant-alternates: normal; font-kerning: auto; font-optical-sizing: auto; font-feature-settings: normal; font-variation-settings: normal; font-stretch: normal; font-size: 18px; line-height: normal; font-family: Arial; color: #000000;\">&#8230;<\/p>\t\t\t\t\t\t\t\t<\/div>\n\t\t\t\t<\/div>\n\t\t\t\t\t<\/div>\n\t\t<\/div>\n\t\t\t\t\t<\/div>\n\t\t<\/section>\n\t\t\t\t<section class=\"elementor-section elementor-top-section elementor-element elementor-element-ccf663c elementor-section-boxed elementor-section-height-default elementor-section-height-default\" data-id=\"ccf663c\" data-element_type=\"section\" data-e-type=\"section\">\n\t\t\t\t\t\t<div class=\"elementor-container elementor-column-gap-default\">\n\t\t\t\t\t<div class=\"elementor-column elementor-col-100 elementor-top-column elementor-element elementor-element-9c31d8e\" data-id=\"9c31d8e\" data-element_type=\"column\" data-e-type=\"column\">\n\t\t\t<div class=\"elementor-widget-wrap elementor-element-populated\">\n\t\t\t\t\t\t<div class=\"elementor-element elementor-element-34529cc elementor-widget elementor-widget-heading\" data-id=\"34529cc\" data-element_type=\"widget\" data-e-type=\"widget\" data-widget_type=\"heading.default\">\n\t\t\t\t<div class=\"elementor-widget-container\">\n\t\t\t\t\t<h2 class=\"elementor-heading-title elementor-size-default\">JACHT KLUB ELBL\u0104G<\/h2>\t\t\t\t<\/div>\n\t\t\t\t<\/div>\n\t\t\t\t\t<\/div>\n\t\t<\/div>\n\t\t\t\t\t<\/div>\n\t\t<\/section>\n\t\t\t\t<section class=\"elementor-section elementor-top-section elementor-element elementor-element-049cb7c elementor-section-boxed elementor-section-height-default elementor-section-height-default\" data-id=\"049cb7c\" data-element_type=\"section\" data-e-type=\"section\">\n\t\t\t\t\t\t<div class=\"elementor-container elementor-column-gap-default\">\n\t\t\t\t\t<div class=\"elementor-column elementor-col-33 elementor-top-column elementor-element elementor-element-0bab671\" data-id=\"0bab671\" data-element_type=\"column\" data-e-type=\"column\">\n\t\t\t<div class=\"elementor-widget-wrap elementor-element-populated\">\n\t\t\t\t\t\t<div class=\"elementor-element elementor-element-8a8c8a0 elementor-widget elementor-widget-image\" data-id=\"8a8c8a0\" data-element_type=\"widget\" data-e-type=\"widget\" data-widget_type=\"image.default\">\n\t\t\t\t<div class=\"elementor-widget-container\">\n\t\t\t\t\t\t\t\t\t\t\t\t\t\t\t<img loading=\"lazy\" decoding=\"async\" width=\"756\" height=\"520\" src=\"https:\/\/zpz.trenerzu.eu\/wp-content\/uploads\/2023\/04\/jk_esz-e1681676231129.png\" class=\"attachment-large size-large wp-image-1042\" alt=\"\" srcset=\"https:\/\/zpz.trenerzu.eu\/wp-content\/uploads\/2023\/04\/jk_esz-e1681676231129.png 756w, https:\/\/zpz.trenerzu.eu\/wp-content\/uploads\/2023\/04\/jk_esz-e1681676231129-300x206.png 300w\" sizes=\"(max-width: 756px) 100vw, 756px\" \/>\t\t\t\t\t\t\t\t\t\t\t\t\t\t\t<\/div>\n\t\t\t\t<\/div>\n\t\t\t\t\t<\/div>\n\t\t<\/div>\n\t\t\t\t<div class=\"elementor-column elementor-col-66 elementor-top-column elementor-element elementor-element-ac09f48\" data-id=\"ac09f48\" data-element_type=\"column\" data-e-type=\"column\">\n\t\t\t<div class=\"elementor-widget-wrap elementor-element-populated\">\n\t\t\t\t\t\t<div class=\"elementor-element elementor-element-3734ba9 elementor-widget elementor-widget-text-editor\" data-id=\"3734ba9\" data-element_type=\"widget\" data-e-type=\"widget\" data-widget_type=\"text-editor.default\">\n\t\t\t\t<div class=\"elementor-widget-container\">\n\t\t\t\t\t\t\t\t\t<p><\/p>\n<p style=\"margin-bottom: 0px; font-variant-numeric: normal; font-variant-east-asian: normal; font-variant-alternates: normal; font-kerning: auto; font-optical-sizing: auto; font-feature-settings: normal; font-variation-settings: normal; font-stretch: normal; font-size: 18px; line-height: normal; font-family: Arial; color: rgb(20, 20, 20);\">Jachtklub Elbl\u0105g zlokalizowany na terenie Portu Morskiego w Elbl\u0105gu, powo\u0142a\u0142 2019 roku. Elbl\u0105ska Szk\u00f3\u0142ka \u017beglarska ma charakter dzia\u0142alno\u015bci sekcji m\u0142odzie\u017cowej, skupiony jest na wychowaniu morskim dzieci i m\u0142odzie\u017cy. Latem wykorzystujemy akwen Zalewu Wi\u015blanego z baz\u0105 w Suchaczu, do rozwijania pasji \u017ceglarskiej. Zim\u0105 prowadzimy zaj\u0119cia og\u00f3lnorozwojowe wykorzystuj\u0105c obiekty sportowe zlokalizowane w Elbl\u0105gu. \u017beglujemy na \u0142\u00f3dkach klasy Optimist oraz Laser PICO.&nbsp;<\/p>\t\t\t\t\t\t\t\t<\/div>\n\t\t\t\t<\/div>\n\t\t\t\t\t<\/div>\n\t\t<\/div>\n\t\t\t\t\t<\/div>\n\t\t<\/section>\n\t\t\t\t<\/div>\n\t\t","protected":false},"excerpt":{"rendered":"<p>GDA\u0143SKI KLUB MORSKI CEDRUS Klub GKM CEDRUS zlokalizowany jest w odnodze Martwej Wis\u0142y w pobli\u017cu \u015bluzy Przegalina w miejscowo\u015bci Cedry Wielkie. Klub pr\u0119\u017cnie rozwija zawodnik\u00f3w w ka\u017cdej grupie wiekowej. Zaczynaj\u0105c od najm\u0142odszych szkol\u0105c ich na \u0142\u00f3dkach klasy optimist. Kolejno grupy regatowej startuj\u0105c w wielu cyklach imprez jak \u017beglarski Puchar Kaszub i \u017beglarski Puchar \u017bu\u0142aw. Za&hellip;<\/p>\n","protected":false},"author":1,"featured_media":0,"parent":0,"menu_order":0,"comment_status":"closed","ping_status":"closed","template":"","meta":{"footnotes":""},"class_list":["post-97","page","type-page","status-publish","hentry"],"_links":{"self":[{"href":"https:\/\/zpz.trenerzu.eu\/index.php\/wp-json\/wp\/v2\/pages\/97","targetHints":{"allow":["GET"]}}],"collection":[{"href":"https:\/\/zpz.trenerzu.eu\/index.php\/wp-json\/wp\/v2\/pages"}],"about":[{"href":"https:\/\/zpz.trenerzu.eu\/index.php\/wp-json\/wp\/v2\/types\/page"}],"author":[{"embeddable":true,"href":"https:\/\/zpz.trenerzu.eu\/index.php\/wp-json\/wp\/v2\/users\/1"}],"replies":[{"embeddable":true,"href":"https:\/\/zpz.trenerzu.eu\/index.php\/wp-json\/wp\/v2\/comments?post=97"}],"version-history":[{"count":31,"href":"https:\/\/zpz.trenerzu.eu\/index.php\/wp-json\/wp\/v2\/pages\/97\/revisions"}],"predecessor-version":[{"id":2021,"href":"https:\/\/zpz.trenerzu.eu\/index.php\/wp-json\/wp\/v2\/pages\/97\/revisions\/2021"}],"wp:attachment":[{"href":"https:\/\/zpz.trenerzu.eu\/index.php\/wp-json\/wp\/v2\/media?parent=97"}],"curies":[{"name":"wp","href":"https:\/\/api.w.org\/{rel}","templated":true}]}}