{"id":3048,"date":"2025-09-09T19:23:06","date_gmt":"2025-09-09T19:23:06","guid":{"rendered":"https:\/\/zpz.trenerzu.eu\/?page_id=3048"},"modified":"2025-09-27T16:45:18","modified_gmt":"2025-09-27T16:45:18","slug":"tablica-ogloszen-regat-puchar-prezesa-base-group","status":"publish","type":"page","link":"https:\/\/zpz.trenerzu.eu\/index.php\/tablica-ogloszen-regat-puchar-prezesa-base-group\/","title":{"rendered":"TABLICA OG\u0141OSZE\u0143 REGAT PUCHAR PREZESA BASE GROUP"},"content":{"rendered":"\t\t<div data-elementor-type=\"wp-page\" data-elementor-id=\"3048\" class=\"elementor elementor-3048\">\n\t\t\t\t\t\t<section class=\"elementor-section elementor-top-section elementor-element elementor-element-ea9d380 elementor-section-boxed elementor-section-height-default elementor-section-height-default\" data-id=\"ea9d380\" data-element_type=\"section\" data-e-type=\"section\">\n\t\t\t\t\t\t<div class=\"elementor-container elementor-column-gap-default\">\n\t\t\t\t\t<div class=\"elementor-column elementor-col-100 elementor-top-column elementor-element elementor-element-3646ee8\" data-id=\"3646ee8\" data-element_type=\"column\" data-e-type=\"column\">\n\t\t\t<div class=\"elementor-widget-wrap elementor-element-populated\">\n\t\t\t\t\t\t<div class=\"elementor-element elementor-element-4a1e95a elementor-widget elementor-widget-heading\" data-id=\"4a1e95a\" data-element_type=\"widget\" data-e-type=\"widget\" data-widget_type=\"heading.default\">\n\t\t\t\t<div class=\"elementor-widget-container\">\n\t\t\t\t\t<h2 class=\"elementor-heading-title elementor-size-default\">KOMUNIKAT 3<\/h2>\t\t\t\t<\/div>\n\t\t\t\t<\/div>\n\t\t\t\t<div class=\"elementor-element elementor-element-84fc811 elementor-widget elementor-widget-text-editor\" data-id=\"84fc811\" data-element_type=\"widget\" data-e-type=\"widget\" data-widget_type=\"text-editor.default\">\n\t\t\t\t<div class=\"elementor-widget-container\">\n\t\t\t\t\t\t\t\t\t<p>Dnia 28.09.2025 planuje si\u0119:<\/p>\n<p>Dla grupy C 5 wy\u015bcig\u00f3w, a dla grupy D i M-19 wed\u0142ug planu.&nbsp;<\/p><p>Sygna\u0142y Ostrze\u017cenia:<br>Grupa D \u2013 11:00&nbsp;<br><span style=\"letter-spacing: 0px;\">Grupa C \u2013 11:15<br>\nMARINER-19 \u2013 11:15<\/span><\/p>\t\t\t\t\t\t\t\t<\/div>\n\t\t\t\t<\/div>\n\t\t\t\t<div class=\"elementor-element elementor-element-6d3d1f3 elementor-widget elementor-widget-heading\" data-id=\"6d3d1f3\" data-element_type=\"widget\" data-e-type=\"widget\" data-widget_type=\"heading.default\">\n\t\t\t\t<div class=\"elementor-widget-container\">\n\t\t\t\t\t<h2 class=\"elementor-heading-title elementor-size-default\">Komunikat 2<\/h2>\t\t\t\t<\/div>\n\t\t\t\t<\/div>\n\t\t\t\t<div class=\"elementor-element elementor-element-d7610b1 elementor-widget elementor-widget-text-editor\" data-id=\"d7610b1\" data-element_type=\"widget\" data-e-type=\"widget\" data-widget_type=\"text-editor.default\">\n\t\t\t\t<div class=\"elementor-widget-container\">\n\t\t\t\t\t\t\t\t\t<p>Dnia 27.09.2025 czas protestowy do 16:12<\/p>\t\t\t\t\t\t\t\t<\/div>\n\t\t\t\t<\/div>\n\t\t\t\t<div class=\"elementor-element elementor-element-7686257 elementor-widget elementor-widget-heading\" data-id=\"7686257\" data-element_type=\"widget\" data-e-type=\"widget\" data-widget_type=\"heading.default\">\n\t\t\t\t<div class=\"elementor-widget-container\">\n\t\t\t\t\t<h2 class=\"elementor-heading-title elementor-size-default\">KOMUNIKAT 1<\/h2>\t\t\t\t<\/div>\n\t\t\t\t<\/div>\n\t\t\t\t<div class=\"elementor-element elementor-element-232b663 elementor-widget elementor-widget-text-editor\" data-id=\"232b663\" data-element_type=\"widget\" data-e-type=\"widget\" data-widget_type=\"text-editor.default\">\n\t\t\t\t<div class=\"elementor-widget-container\">\n\t\t\t\t\t\t\t\t\t<p>Dane do op\u0142acenia wpisowego:<\/p><p><br><\/p>\n<p>\u017bu\u0142awski O\u015brodek Kultury i Sportu w Cedrach Wielkich&nbsp;<\/p>\n<p>ul. Osadnik\u00f3w Wojskowych 41&nbsp;<\/p>\n<p>83-020 Cedry Wielkie&nbsp;<\/p>\n<p>Numer konta: 02 8335 0003 0201 8557 2000 0001<\/p>\n<p>W tytule: (imi\u0119 nazwisko zawodnika oraz klub)<\/p>\t\t\t\t\t\t\t\t<\/div>\n\t\t\t\t<\/div>\n\t\t\t\t\t<\/div>\n\t\t<\/div>\n\t\t\t\t\t<\/div>\n\t\t<\/section>\n\t\t\t\t<\/div>\n\t\t","protected":false},"excerpt":{"rendered":"<p>KOMUNIKAT 3 Dnia 28.09.2025 planuje si\u0119: Dla grupy C 5 wy\u015bcig\u00f3w, a dla grupy D i M-19 wed\u0142ug planu.&nbsp; Sygna\u0142y Ostrze\u017cenia:Grupa D \u2013 11:00&nbsp;Grupa C \u2013 11:15 MARINER-19 \u2013 11:15 Komunikat 2 Dnia 27.09.2025 czas protestowy do 16:12 KOMUNIKAT 1 Dane do op\u0142acenia wpisowego: \u017bu\u0142awski O\u015brodek Kultury i Sportu w Cedrach Wielkich&nbsp; ul. Osadnik\u00f3w Wojskowych&hellip;<\/p>\n","protected":false},"author":2,"featured_media":0,"parent":0,"menu_order":0,"comment_status":"closed","ping_status":"closed","template":"","meta":{"footnotes":""},"class_list":["post-3048","page","type-page","status-publish","hentry"],"_links":{"self":[{"href":"https:\/\/zpz.trenerzu.eu\/index.php\/wp-json\/wp\/v2\/pages\/3048","targetHints":{"allow":["GET"]}}],"collection":[{"href":"https:\/\/zpz.trenerzu.eu\/index.php\/wp-json\/wp\/v2\/pages"}],"about":[{"href":"https:\/\/zpz.trenerzu.eu\/index.php\/wp-json\/wp\/v2\/types\/page"}],"author":[{"embeddable":true,"href":"https:\/\/zpz.trenerzu.eu\/index.php\/wp-json\/wp\/v2\/users\/2"}],"replies":[{"embeddable":true,"href":"https:\/\/zpz.trenerzu.eu\/index.php\/wp-json\/wp\/v2\/comments?post=3048"}],"version-history":[{"count":16,"href":"https:\/\/zpz.trenerzu.eu\/index.php\/wp-json\/wp\/v2\/pages\/3048\/revisions"}],"predecessor-version":[{"id":3160,"href":"https:\/\/zpz.trenerzu.eu\/index.php\/wp-json\/wp\/v2\/pages\/3048\/revisions\/3160"}],"wp:attachment":[{"href":"https:\/\/zpz.trenerzu.eu\/index.php\/wp-json\/wp\/v2\/media?parent=3048"}],"curies":[{"name":"wp","href":"https:\/\/api.w.org\/{rel}","templated":true}]}}