{"id":2507,"date":"2025-01-22T11:20:32","date_gmt":"2025-01-22T11:20:32","guid":{"rendered":"https:\/\/zpz.trenerzu.eu\/?page_id=2507"},"modified":"2025-04-26T17:41:09","modified_gmt":"2025-04-26T17:41:09","slug":"aktualnosci","status":"publish","type":"page","link":"https:\/\/zpz.trenerzu.eu\/index.php\/aktualnosci\/","title":{"rendered":"AKTUALNO\u015aCI"},"content":{"rendered":"\t\t<div data-elementor-type=\"wp-page\" data-elementor-id=\"2507\" class=\"elementor elementor-2507\">\n\t\t\t\t\t\t<section class=\"elementor-section elementor-top-section elementor-element elementor-element-5ed5575 elementor-section-boxed elementor-section-height-default elementor-section-height-default\" data-id=\"5ed5575\" data-element_type=\"section\" data-e-type=\"section\">\n\t\t\t\t\t\t<div class=\"elementor-container elementor-column-gap-default\">\n\t\t\t\t\t<div class=\"elementor-column elementor-col-100 elementor-top-column elementor-element elementor-element-1ff2767\" data-id=\"1ff2767\" data-element_type=\"column\" data-e-type=\"column\">\n\t\t\t<div class=\"elementor-widget-wrap elementor-element-populated\">\n\t\t\t\t\t\t<div class=\"elementor-element elementor-element-94bcc05 elementor-widget elementor-widget-heading\" data-id=\"94bcc05\" data-element_type=\"widget\" data-e-type=\"widget\" data-widget_type=\"heading.default\">\n\t\t\t\t<div class=\"elementor-widget-container\">\n\t\t\t\t\t<h2 class=\"elementor-heading-title elementor-size-default\">\u017bEGLARSKI PUCHAR \u017bU\u0141AW<\/h2>\t\t\t\t<\/div>\n\t\t\t\t<\/div>\n\t\t\t\t\t<\/div>\n\t\t<\/div>\n\t\t\t\t\t<\/div>\n\t\t<\/section>\n\t\t\t\t<section class=\"elementor-section elementor-top-section elementor-element elementor-element-000ca07 elementor-section-boxed elementor-section-height-default elementor-section-height-default\" data-id=\"000ca07\" data-element_type=\"section\" data-e-type=\"section\">\n\t\t\t\t\t\t<div class=\"elementor-container elementor-column-gap-default\">\n\t\t\t\t\t<div class=\"elementor-column elementor-col-100 elementor-top-column elementor-element elementor-element-4b70a5d\" data-id=\"4b70a5d\" data-element_type=\"column\" data-e-type=\"column\">\n\t\t\t<div class=\"elementor-widget-wrap elementor-element-populated\">\n\t\t\t\t\t\t<div class=\"elementor-element elementor-element-27856db elementor-widget elementor-widget-image\" data-id=\"27856db\" data-element_type=\"widget\" data-e-type=\"widget\" data-widget_type=\"image.default\">\n\t\t\t\t<div class=\"elementor-widget-container\">\n\t\t\t\t\t\t\t\t\t\t\t\t\t\t\t<img fetchpriority=\"high\" decoding=\"async\" width=\"1024\" height=\"445\" src=\"https:\/\/zpz.trenerzu.eu\/wp-content\/uploads\/2025\/01\/Zrzut-ekranu-2025-01-22-o-11.57.04-1024x445.png\" class=\"attachment-large size-large wp-image-2510\" alt=\"\" srcset=\"https:\/\/zpz.trenerzu.eu\/wp-content\/uploads\/2025\/01\/Zrzut-ekranu-2025-01-22-o-11.57.04-1024x445.png 1024w, https:\/\/zpz.trenerzu.eu\/wp-content\/uploads\/2025\/01\/Zrzut-ekranu-2025-01-22-o-11.57.04-300x130.png 300w, https:\/\/zpz.trenerzu.eu\/wp-content\/uploads\/2025\/01\/Zrzut-ekranu-2025-01-22-o-11.57.04-768x333.png 768w, https:\/\/zpz.trenerzu.eu\/wp-content\/uploads\/2025\/01\/Zrzut-ekranu-2025-01-22-o-11.57.04.png 1444w\" sizes=\"(max-width: 1024px) 100vw, 1024px\" \/>\t\t\t\t\t\t\t\t\t\t\t\t\t\t\t<\/div>\n\t\t\t\t<\/div>\n\t\t\t\t\t<\/div>\n\t\t<\/div>\n\t\t\t\t\t<\/div>\n\t\t<\/section>\n\t\t\t\t<section class=\"elementor-section elementor-top-section elementor-element elementor-element-03f63f3 elementor-section-boxed elementor-section-height-default elementor-section-height-default\" data-id=\"03f63f3\" data-element_type=\"section\" data-e-type=\"section\">\n\t\t\t\t\t\t<div class=\"elementor-container elementor-column-gap-default\">\n\t\t\t\t\t<div class=\"elementor-column elementor-col-50 elementor-top-column elementor-element elementor-element-b6dcc40\" data-id=\"b6dcc40\" data-element_type=\"column\" data-e-type=\"column\">\n\t\t\t<div class=\"elementor-widget-wrap elementor-element-populated\">\n\t\t\t\t\t\t<div class=\"elementor-element elementor-element-4f973bb elementor-widget elementor-widget-image\" data-id=\"4f973bb\" data-element_type=\"widget\" data-e-type=\"widget\" data-widget_type=\"image.default\">\n\t\t\t\t<div class=\"elementor-widget-container\">\n\t\t\t\t\t\t\t\t\t\t\t\t\t\t\t<img decoding=\"async\" width=\"724\" height=\"1024\" src=\"https:\/\/zpz.trenerzu.eu\/wp-content\/uploads\/2025\/04\/Brown-Modern-Time-to-Travel-Poster-724x1024.jpg\" class=\"attachment-large size-large wp-image-2538\" alt=\"\" srcset=\"https:\/\/zpz.trenerzu.eu\/wp-content\/uploads\/2025\/04\/Brown-Modern-Time-to-Travel-Poster-724x1024.jpg 724w, https:\/\/zpz.trenerzu.eu\/wp-content\/uploads\/2025\/04\/Brown-Modern-Time-to-Travel-Poster-212x300.jpg 212w, https:\/\/zpz.trenerzu.eu\/wp-content\/uploads\/2025\/04\/Brown-Modern-Time-to-Travel-Poster-768x1086.jpg 768w, https:\/\/zpz.trenerzu.eu\/wp-content\/uploads\/2025\/04\/Brown-Modern-Time-to-Travel-Poster-1086x1536.jpg 1086w, https:\/\/zpz.trenerzu.eu\/wp-content\/uploads\/2025\/04\/Brown-Modern-Time-to-Travel-Poster.jpg 1414w\" sizes=\"(max-width: 724px) 100vw, 724px\" \/>\t\t\t\t\t\t\t\t\t\t\t\t\t\t\t<\/div>\n\t\t\t\t<\/div>\n\t\t\t\t\t<\/div>\n\t\t<\/div>\n\t\t\t\t<div class=\"elementor-column elementor-col-50 elementor-top-column elementor-element elementor-element-e051402\" data-id=\"e051402\" data-element_type=\"column\" data-e-type=\"column\">\n\t\t\t<div class=\"elementor-widget-wrap elementor-element-populated\">\n\t\t\t\t\t\t<div class=\"elementor-element elementor-element-fff0295 elementor-widget elementor-widget-heading\" data-id=\"fff0295\" data-element_type=\"widget\" data-e-type=\"widget\" data-widget_type=\"heading.default\">\n\t\t\t\t<div class=\"elementor-widget-container\">\n\t\t\t\t\t<h2 class=\"elementor-heading-title elementor-size-default\">REGATY O PUCHAR W\u00d3JTA GMINY CEDRY WIELKIE <\/h2>\t\t\t\t<\/div>\n\t\t\t\t<\/div>\n\t\t\t\t<div class=\"elementor-element elementor-element-436ce30 elementor-widget elementor-widget-text-editor\" data-id=\"436ce30\" data-element_type=\"widget\" data-e-type=\"widget\" data-widget_type=\"text-editor.default\">\n\t\t\t\t<div class=\"elementor-widget-container\">\n\t\t\t\t\t\t\t\t\t<p>LINK DO STRONY REGAT:<\/p><p>\u00a0<\/p>\t\t\t\t\t\t\t\t<\/div>\n\t\t\t\t<\/div>\n\t\t\t\t<div class=\"elementor-element elementor-element-822712a elementor-widget elementor-widget-button\" data-id=\"822712a\" data-element_type=\"widget\" data-e-type=\"widget\" data-widget_type=\"button.default\">\n\t\t\t\t<div class=\"elementor-widget-container\">\n\t\t\t\t\t\t\t\t\t<div class=\"elementor-button-wrapper\">\n\t\t\t\t\t<a class=\"elementor-button elementor-button-link elementor-size-sm\" href=\"https:\/\/zpz.trenerzu.eu\/index.php\/wyniki-puchar-wojta-gminy-cedry-wielkie\/\">\n\t\t\t\t\t\t<span class=\"elementor-button-content-wrapper\">\n\t\t\t\t\t\t\t\t\t<span class=\"elementor-button-text\">Kliknij tutaj<\/span>\n\t\t\t\t\t<\/span>\n\t\t\t\t\t<\/a>\n\t\t\t\t<\/div>\n\t\t\t\t\t\t\t\t<\/div>\n\t\t\t\t<\/div>\n\t\t\t\t\t<\/div>\n\t\t<\/div>\n\t\t\t\t\t<\/div>\n\t\t<\/section>\n\t\t\t\t<section class=\"elementor-section elementor-top-section elementor-element elementor-element-322d63b elementor-section-boxed elementor-section-height-default elementor-section-height-default\" data-id=\"322d63b\" data-element_type=\"section\" data-e-type=\"section\">\n\t\t\t\t\t\t<div class=\"elementor-container elementor-column-gap-default\">\n\t\t\t\t\t<div class=\"elementor-column elementor-col-100 elementor-top-column elementor-element elementor-element-94821cb\" data-id=\"94821cb\" data-element_type=\"column\" data-e-type=\"column\">\n\t\t\t<div class=\"elementor-widget-wrap elementor-element-populated\">\n\t\t\t\t\t\t\t<\/div>\n\t\t<\/div>\n\t\t\t\t\t<\/div>\n\t\t<\/section>\n\t\t\t\t<section class=\"elementor-section elementor-top-section elementor-element elementor-element-662d658 elementor-section-boxed elementor-section-height-default elementor-section-height-default\" data-id=\"662d658\" data-element_type=\"section\" data-e-type=\"section\">\n\t\t\t\t\t\t<div class=\"elementor-container elementor-column-gap-default\">\n\t\t\t\t\t<div class=\"elementor-column elementor-col-50 elementor-top-column elementor-element elementor-element-801a616\" data-id=\"801a616\" data-element_type=\"column\" data-e-type=\"column\">\n\t\t\t<div class=\"elementor-widget-wrap elementor-element-populated\">\n\t\t\t\t\t\t<div class=\"elementor-element elementor-element-45e0700 elementor-widget elementor-widget-heading\" data-id=\"45e0700\" data-element_type=\"widget\" data-e-type=\"widget\" data-widget_type=\"heading.default\">\n\t\t\t\t<div class=\"elementor-widget-container\">\n\t\t\t\t\t<h2 class=\"elementor-heading-title elementor-size-default\"><h2 class=\"elementor-heading-title elementor-size-default elementor-inline-editing pen\" data-elementor-setting-key=\"title\" data-pen-placeholder=\"Pisz tutaj...\" style=\"font-family: Montserrat\">TERMINY REGAT 2025:<\/h2><\/h2>\t\t\t\t<\/div>\n\t\t\t\t<\/div>\n\t\t\t\t\t<\/div>\n\t\t<\/div>\n\t\t\t\t<div class=\"elementor-column elementor-col-50 elementor-top-column elementor-element elementor-element-aaf17a3\" data-id=\"aaf17a3\" data-element_type=\"column\" data-e-type=\"column\">\n\t\t\t<div class=\"elementor-widget-wrap elementor-element-populated\">\n\t\t\t\t\t\t<div class=\"elementor-element elementor-element-fc1d96d elementor-widget elementor-widget-image\" data-id=\"fc1d96d\" data-element_type=\"widget\" data-e-type=\"widget\" data-widget_type=\"image.default\">\n\t\t\t\t<div class=\"elementor-widget-container\">\n\t\t\t\t\t\t\t\t\t\t\t\t\t\t\t<img decoding=\"async\" width=\"1024\" height=\"683\" src=\"https:\/\/zpz.trenerzu.eu\/wp-content\/uploads\/2025\/01\/BANER-zpz-200-x-21-cm-150-x-100-cm-2-1024x683.jpg\" class=\"attachment-large size-large wp-image-2514\" alt=\"\" srcset=\"https:\/\/zpz.trenerzu.eu\/wp-content\/uploads\/2025\/01\/BANER-zpz-200-x-21-cm-150-x-100-cm-2-1024x683.jpg 1024w, https:\/\/zpz.trenerzu.eu\/wp-content\/uploads\/2025\/01\/BANER-zpz-200-x-21-cm-150-x-100-cm-2-300x200.jpg 300w, https:\/\/zpz.trenerzu.eu\/wp-content\/uploads\/2025\/01\/BANER-zpz-200-x-21-cm-150-x-100-cm-2-768x512.jpg 768w, https:\/\/zpz.trenerzu.eu\/wp-content\/uploads\/2025\/01\/BANER-zpz-200-x-21-cm-150-x-100-cm-2-1536x1024.jpg 1536w, https:\/\/zpz.trenerzu.eu\/wp-content\/uploads\/2025\/01\/BANER-zpz-200-x-21-cm-150-x-100-cm-2-2048x1365.jpg 2048w\" sizes=\"(max-width: 1024px) 100vw, 1024px\" \/>\t\t\t\t\t\t\t\t\t\t\t\t\t\t\t<\/div>\n\t\t\t\t<\/div>\n\t\t\t\t\t<\/div>\n\t\t<\/div>\n\t\t\t\t\t<\/div>\n\t\t<\/section>\n\t\t\t\t<\/div>\n\t\t","protected":false},"excerpt":{"rendered":"<p>\u017bEGLARSKI PUCHAR \u017bU\u0141AW REGATY O PUCHAR W\u00d3JTA GMINY CEDRY WIELKIE LINK DO STRONY REGAT: \u00a0 Kliknij tutaj TERMINY REGAT 2025:<\/p>\n","protected":false},"author":2,"featured_media":0,"parent":0,"menu_order":0,"comment_status":"closed","ping_status":"closed","template":"","meta":{"footnotes":""},"class_list":["post-2507","page","type-page","status-publish","hentry"],"_links":{"self":[{"href":"https:\/\/zpz.trenerzu.eu\/index.php\/wp-json\/wp\/v2\/pages\/2507","targetHints":{"allow":["GET"]}}],"collection":[{"href":"https:\/\/zpz.trenerzu.eu\/index.php\/wp-json\/wp\/v2\/pages"}],"about":[{"href":"https:\/\/zpz.trenerzu.eu\/index.php\/wp-json\/wp\/v2\/types\/page"}],"author":[{"embeddable":true,"href":"https:\/\/zpz.trenerzu.eu\/index.php\/wp-json\/wp\/v2\/users\/2"}],"replies":[{"embeddable":true,"href":"https:\/\/zpz.trenerzu.eu\/index.php\/wp-json\/wp\/v2\/comments?post=2507"}],"version-history":[{"count":19,"href":"https:\/\/zpz.trenerzu.eu\/index.php\/wp-json\/wp\/v2\/pages\/2507\/revisions"}],"predecessor-version":[{"id":2541,"href":"https:\/\/zpz.trenerzu.eu\/index.php\/wp-json\/wp\/v2\/pages\/2507\/revisions\/2541"}],"wp:attachment":[{"href":"https:\/\/zpz.trenerzu.eu\/index.php\/wp-json\/wp\/v2\/media?parent=2507"}],"curies":[{"name":"wp","href":"https:\/\/api.w.org\/{rel}","templated":true}]}}