{"id":1136,"date":"2023-04-17T20:44:35","date_gmt":"2023-04-17T20:44:35","guid":{"rendered":"https:\/\/zpz.trenerzu.eu\/?page_id=1136"},"modified":"2025-08-16T18:12:24","modified_gmt":"2025-08-16T18:12:24","slug":"tablica-ogloszen-puchar-jacht-klubu-elblag","status":"publish","type":"page","link":"https:\/\/zpz.trenerzu.eu\/index.php\/tablica-ogloszen-puchar-jacht-klubu-elblag\/","title":{"rendered":"TABLICA OG\u0141OSZE\u0143 PUCHAR JACHT KLUBU ELBL\u0104G"},"content":{"rendered":"\t\t<div data-elementor-type=\"wp-page\" data-elementor-id=\"1136\" class=\"elementor elementor-1136\">\n\t\t\t\t\t\t<section class=\"elementor-section elementor-top-section elementor-element elementor-element-b5a168b elementor-section-boxed elementor-section-height-default elementor-section-height-default\" data-id=\"b5a168b\" data-element_type=\"section\" data-e-type=\"section\">\n\t\t\t\t\t\t<div class=\"elementor-container elementor-column-gap-default\">\n\t\t\t\t\t<div class=\"elementor-column elementor-col-100 elementor-top-column elementor-element elementor-element-27b1181\" data-id=\"27b1181\" data-element_type=\"column\" data-e-type=\"column\">\n\t\t\t<div class=\"elementor-widget-wrap elementor-element-populated\">\n\t\t\t\t\t\t<div class=\"elementor-element elementor-element-6a6d369 elementor-widget elementor-widget-text-editor\" data-id=\"6a6d369\" data-element_type=\"widget\" data-e-type=\"widget\" data-widget_type=\"text-editor.default\">\n\t\t\t\t<div class=\"elementor-widget-container\">\n\t\t\t\t\t\t\t\t\t<p>Komunikat 2:\u00a0<\/p><p>W dniu 17 sierpnia (niedziela) start grupy D o godzinie 10:00<\/p><p>Komunikat 1:\u00a0<\/p><p><span style=\"letter-spacing: 0px;\">Nagrody w kategoriach wiekowych :\u00a0<\/span><\/p><p><span style=\"letter-spacing: 0px;\">9 lat &#8211; do 9 roku<\/span><\/p><p><span style=\"letter-spacing: 0px;\">11 lat &#8211; 10, 11 rok\u00a0<\/span><\/p><p><span style=\"letter-spacing: 0px;\">15 lat &#8211;\u00a0 12,13,14,15 rok\u00a0<\/span><\/p>\t\t\t\t\t\t\t\t<\/div>\n\t\t\t\t<\/div>\n\t\t\t\t\t<\/div>\n\t\t<\/div>\n\t\t\t\t\t<\/div>\n\t\t<\/section>\n\t\t\t\t<\/div>\n\t\t","protected":false},"excerpt":{"rendered":"<p>Komunikat 2:\u00a0 W dniu 17 sierpnia (niedziela) start grupy D o godzinie 10:00 Komunikat 1:\u00a0 Nagrody w kategoriach wiekowych :\u00a0 9 lat &#8211; do 9 roku 11 lat &#8211; 10, 11 rok\u00a0 15 lat &#8211;\u00a0 12,13,14,15 rok\u00a0<\/p>\n","protected":false},"author":2,"featured_media":0,"parent":0,"menu_order":0,"comment_status":"closed","ping_status":"closed","template":"","meta":{"footnotes":""},"class_list":["post-1136","page","type-page","status-publish","hentry"],"_links":{"self":[{"href":"https:\/\/zpz.trenerzu.eu\/index.php\/wp-json\/wp\/v2\/pages\/1136","targetHints":{"allow":["GET"]}}],"collection":[{"href":"https:\/\/zpz.trenerzu.eu\/index.php\/wp-json\/wp\/v2\/pages"}],"about":[{"href":"https:\/\/zpz.trenerzu.eu\/index.php\/wp-json\/wp\/v2\/types\/page"}],"author":[{"embeddable":true,"href":"https:\/\/zpz.trenerzu.eu\/index.php\/wp-json\/wp\/v2\/users\/2"}],"replies":[{"embeddable":true,"href":"https:\/\/zpz.trenerzu.eu\/index.php\/wp-json\/wp\/v2\/comments?post=1136"}],"version-history":[{"count":22,"href":"https:\/\/zpz.trenerzu.eu\/index.php\/wp-json\/wp\/v2\/pages\/1136\/revisions"}],"predecessor-version":[{"id":2983,"href":"https:\/\/zpz.trenerzu.eu\/index.php\/wp-json\/wp\/v2\/pages\/1136\/revisions\/2983"}],"wp:attachment":[{"href":"https:\/\/zpz.trenerzu.eu\/index.php\/wp-json\/wp\/v2\/media?parent=1136"}],"curies":[{"name":"wp","href":"https:\/\/api.w.org\/{rel}","templated":true}]}}